{"id":32,"date":"2019-03-07T22:41:54","date_gmt":"2019-03-07T22:41:54","guid":{"rendered":"http:\/\/schule-plus.org\/?page_id=32"},"modified":"2026-03-26T10:31:08","modified_gmt":"2026-03-26T10:31:08","slug":"termine","status":"publish","type":"page","link":"http:\/\/schule-plus.org\/?page_id=32","title":{"rendered":"Termine"},"content":{"rendered":"\n<p class=\"has-medium-font-size\">Regelm\u00e4\u00dfig bieten wir Ausfl\u00fcge oder Exkursionen an. <\/p>\n\n\n\n<p class=\"has-medium-font-size\"><br><\/p>\n\n\n\n<div data-wp-interactive=\"core\/file\" class=\"wp-block-file\"><object data-wp-bind--hidden=\"!state.hasPdfPreview\" hidden class=\"wp-block-file__embed\" data=\"http:\/\/schule-plus.org\/wp-content\/uploads\/2026\/02\/Termine-.pdf\" type=\"application\/pdf\" style=\"width:100%;height:600px\" aria-label=\"Einbettung von Termine.\"><\/object><a id=\"wp-block-file--media-a41ef9a8-1314-4891-8bef-efbadf4a7432\" href=\"http:\/\/schule-plus.org\/wp-content\/uploads\/2026\/02\/Termine-.pdf\">Termine<\/a><a href=\"http:\/\/schule-plus.org\/wp-content\/uploads\/2026\/02\/Termine-.pdf\" class=\"wp-block-file__button wp-element-button\" download aria-describedby=\"wp-block-file--media-a41ef9a8-1314-4891-8bef-efbadf4a7432\">Herunterladen<\/a><\/div>\n\n\n\n<div class=\"wp-block-file\"><a id=\"wp-block-file--media-fbdac543-054d-48a1-a8a4-e03dc8e0a33f\" href=\"http:\/\/schule-plus.org\/wp-content\/uploads\/2026\/03\/Kleine-Ausfluege.pdf\">Kleine Ausfl\u00fcge<\/a><a href=\"http:\/\/schule-plus.org\/wp-content\/uploads\/2026\/03\/Kleine-Ausfluege.pdf\" class=\"wp-block-file__button wp-element-button\" download aria-describedby=\"wp-block-file--media-fbdac543-054d-48a1-a8a4-e03dc8e0a33f\">Herunterladen<\/a><\/div>\n","protected":false},"excerpt":{"rendered":"<p>Regelm\u00e4\u00dfig bieten wir Ausfl\u00fcge oder Exkursionen an.<\/p>\n","protected":false},"author":1,"featured_media":187,"parent":0,"menu_order":0,"comment_status":"closed","ping_status":"closed","template":"","meta":{"footnotes":""},"class_list":["post-32","page","type-page","status-publish","has-post-thumbnail","hentry"],"_links":{"self":[{"href":"http:\/\/schule-plus.org\/index.php?rest_route=\/wp\/v2\/pages\/32","targetHints":{"allow":["GET"]}}],"collection":[{"href":"http:\/\/schule-plus.org\/index.php?rest_route=\/wp\/v2\/pages"}],"about":[{"href":"http:\/\/schule-plus.org\/index.php?rest_route=\/wp\/v2\/types\/page"}],"author":[{"embeddable":true,"href":"http:\/\/schule-plus.org\/index.php?rest_route=\/wp\/v2\/users\/1"}],"replies":[{"embeddable":true,"href":"http:\/\/schule-plus.org\/index.php?rest_route=%2Fwp%2Fv2%2Fcomments&post=32"}],"version-history":[{"count":46,"href":"http:\/\/schule-plus.org\/index.php?rest_route=\/wp\/v2\/pages\/32\/revisions"}],"predecessor-version":[{"id":483,"href":"http:\/\/schule-plus.org\/index.php?rest_route=\/wp\/v2\/pages\/32\/revisions\/483"}],"wp:featuredmedia":[{"embeddable":true,"href":"http:\/\/schule-plus.org\/index.php?rest_route=\/wp\/v2\/media\/187"}],"wp:attachment":[{"href":"http:\/\/schule-plus.org\/index.php?rest_route=%2Fwp%2Fv2%2Fmedia&parent=32"}],"curies":[{"name":"wp","href":"https:\/\/api.w.org\/{rel}","templated":true}]}}